{"id":285,"date":"2025-06-02T13:49:09","date_gmt":"2025-06-02T11:49:09","guid":{"rendered":"https:\/\/collective-b.at\/?page_id=285"},"modified":"2026-02-21T13:22:00","modified_gmt":"2026-02-21T11:22:00","slug":"querkauf","status":"publish","type":"page","link":"https:\/\/collective-b.at\/_de\/querkauf\/","title":{"rendered":"QKI Landing"},"content":{"rendered":"<div class=\"wp-block-group alignwide has-global-padding is-layout-constrained wp-container-core-group-is-layout-e0516794 wp-block-group-is-layout-constrained\" style=\"margin-top:var(--wp--preset--spacing--20);margin-bottom:var(--wp--preset--spacing--20);padding-top:var(--wp--preset--spacing--20);padding-right:var(--wp--preset--spacing--50);padding-bottom:var(--wp--preset--spacing--20);padding-left:var(--wp--preset--spacing--50)\">\n<h2 class=\"wp-block-heading\"><a data-elementor-open-lightbox=\"\" href=\"https:\/\/collective-b.at\/_de\/querkauf\/\" class=\"elementor-clickable\"><img decoding=\"async\" src=\"https:\/\/collective-b.at\/wp-content\/uploads\/QKILogo11Asset-7.png\" alt=\"QKILogo11Asset 7\"><br><\/a><strong>Querkauf Institut<\/strong><\/h2>\n\n\n\n<p class=\"has-medium-font-size\"><strong>Langsam. Langsamer. \u00a0 Samstag im Supermarkt.<\/strong><\/p>\n\n\n\n<p><\/p>\n\n\n\n<h3 class=\"wp-block-heading\"><strong>Einladung zum gemeinsamen Hinterfragen und neu Verstehen<\/strong><\/h3>\n\n\n\n<p>Was animiert uns eigentlich, st\u00e4ndig unser Geld auszugeben?<\/p>\n\n\n\n<p>In unseren angeleiteten Workshops erkunden wir gemeinsam den Weg vom Gem\u00fcseregal bis zur Kasse.&nbsp;<\/p>\n\n\n\n<p>Unser Ziel? Weniger Impulsk\u00e4ufe, mehr innere Ruhe beim Einkaufen und ein besseres Gef\u00fchl f\u00fcr das, was wir wollen. <\/p>\n\n\n\n<p>Wir sind das Querkauf Institut, ein zeitweiliger Ort f\u00fcr kollektive Neugierde und bewusste K\u00f6rperwahrnehmung. Wir halten einen Rahmen, die genaue Gestaltung der Workshops entsteht jedoch gemeinsam mit euch. <\/p>\n\n\n\n<p>So werden die Perspektiven und Erfahrungen von allen, zum wichtigsten Teil der Recherche.<\/p>\n\n\n\n<figure class=\"wp-block-image\"><img decoding=\"async\" src=\"https:\/\/collective-b.at\/wp-content\/uploads\/IMG_7768-1024x683.jpg\" alt=\"\"\/><\/figure>\n\n\n\n<p><\/p>\n\n\n\n<h2 class=\"wp-block-heading\">Neugierig geworden?<\/h2>\n\n\n\n<p>Lade uns gerne ein um gemeinsam hinter die Motivationen unseres einkaufens zu Blicken.<\/p>\n\n\n\n<p>F\u00fcr Buchungen sind wir unter <a href=\"mailto:querkauf@collective-b.at\">querkauf@collective-b.at<\/a> jederzeit erreichbar.<\/p>\n\n\n\n<h3 class=\"wp-block-heading\">Wie ein Workshop-Tag ablaufen kann:<\/h3>\n\n\n\n<p>Morgens treffen wir uns in einem gesch\u00fctzen Raum&nbsp;und starten gemeinsam im Kreis \u2013 mit einfachen \u00dcbungen zum Ankommen, einander Kennenlernen und unseren eigenen K\u00f6rper zu sp\u00fcren. Danach gibt es eine kurze Einf\u00fchrung ins Thema des Tages und Zeit f\u00fcr den Erfahrungsaustausch.<\/p>\n\n\n\n<p>Im Anschluss besuchen wir gemeinsam einen Supermarkt. Dort erkunden wir die Umgebung mit angeleiteten Wahrnehmungs\u00fcbungen \u2013 zum Beispiel mit Fokus auf Kl\u00e4nge, Farben oder K\u00f6rperempfindungen.<\/p>\n\n\n\n<p>Nach dem Supermarkt-Ausflug geht es zur\u00fcck zu RoomingIn. Dort essen wir gemeinsam, teilen unsere Eindr\u00fccke und Erkenntnisse und schauen, was h\u00e4ngen geblieben ist.&nbsp;&nbsp;<\/p>\n\n\n\n<p>Jeder Workshoptag ist variierbar und kann an eure spezifischen W\u00fcnsche, Interessen und Bed\u00fcrfnisse angepasst werden.<\/p>\n\n\n\n<h3 class=\"wp-block-heading\">Klingt cool, aber ist das was f\u00fcr mich?<\/h3>\n\n\n\n<p class=\"has-medium-font-size\">Wir m\u00f6gen es, wenn viele verschiedene Menschen an unseren Workshops teilnehmen und wir sind bem\u00fcht diese so offen wie m\u00f6glich zu gestalten.<\/p>\n\n\n\n<p class=\"has-medium-font-size\">Schreib uns gerne, wenn du Fragen hast.<\/p>\n\n\n\n<p class=\"has-medium-font-size\">Deine Ansprechperson ist Gregor Piskernik.<br><a href=\"mailto:querkauf@collective-b.at\">querkauf@collective-b.at<\/a><br><\/p>\n\n\n\n<p class=\"has-medium-font-size\">Ein Projekt von Collective B.<br>Co-financed by the European Union.\u00a0<\/p>\n\n\n\n<div class=\"wp-block-group is-nowrap is-layout-flex wp-container-core-group-is-layout-6c531013 wp-block-group-is-layout-flex\">\n<figure class=\"wp-block-image is-resized\"><img decoding=\"async\" src=\"https:\/\/collective-b.at\/wp-content\/uploads\/EN_co_fundedvertical_RGB_Monochrome.png\" alt=\"\" style=\"aspect-ratio:0.9492506504513074;width:369px;height:auto\"\/><\/figure>\n\n\n\n<figure class=\"wp-block-image\"><img decoding=\"async\" src=\"https:\/\/collective-b.at\/wp-content\/uploads\/QKILogo11Asset-7.png\" alt=\"\"\/><\/figure>\n<\/div>\n\n\n\n<p>\t\t\t\t\t\t\t\t\t\t\t\t\t\t\t<br>\n\t\t\t\t\t\t\t\t\t\t\t\t\t\t\t<br>\n\t\t\t\t\t\t\t\t\t\t\t\t\t\t\t<\/p>\n<\/div>","protected":false},"excerpt":{"rendered":"<p>Querkauf Institut Langsam. Langsamer. \u00a0 Samstag im Supermarkt. Einladung zum gemeinsamen Hinterfragen und neu Verstehen Was animiert uns eigentlich, st\u00e4ndig unser Geld auszugeben? In unseren angeleiteten Workshops erkunden wir gemeinsam den Weg vom Gem\u00fcseregal bis zur Kasse.&nbsp; Unser Ziel? Weniger Impulsk\u00e4ufe, mehr innere Ruhe beim Einkaufen und ein besseres Gef\u00fchl f\u00fcr das, was wir wollen. [&hellip;]<\/p>\n","protected":false},"author":3,"featured_media":0,"parent":0,"menu_order":0,"comment_status":"closed","ping_status":"closed","template":"page-no-title","meta":{"footnotes":""},"class_list":["post-285","page","type-page","status-publish","hentry"],"_links":{"self":[{"href":"https:\/\/collective-b.at\/_de\/wp-json\/wp\/v2\/pages\/285","targetHints":{"allow":["GET"]}}],"collection":[{"href":"https:\/\/collective-b.at\/_de\/wp-json\/wp\/v2\/pages"}],"about":[{"href":"https:\/\/collective-b.at\/_de\/wp-json\/wp\/v2\/types\/page"}],"author":[{"embeddable":true,"href":"https:\/\/collective-b.at\/_de\/wp-json\/wp\/v2\/users\/3"}],"replies":[{"embeddable":true,"href":"https:\/\/collective-b.at\/_de\/wp-json\/wp\/v2\/comments?post=285"}],"version-history":[{"count":42,"href":"https:\/\/collective-b.at\/_de\/wp-json\/wp\/v2\/pages\/285\/revisions"}],"predecessor-version":[{"id":817,"href":"https:\/\/collective-b.at\/_de\/wp-json\/wp\/v2\/pages\/285\/revisions\/817"}],"wp:attachment":[{"href":"https:\/\/collective-b.at\/_de\/wp-json\/wp\/v2\/media?parent=285"}],"curies":[{"name":"wp","href":"https:\/\/api.w.org\/{rel}","templated":true}]}}