{"id":71,"date":"2025-05-24T19:34:12","date_gmt":"2025-05-24T17:34:12","guid":{"rendered":"https:\/\/collective-b.at\/?page_id=71"},"modified":"2026-03-01T18:13:28","modified_gmt":"2026-03-01T16:13:28","slug":"about-us-keimlinge","status":"publish","type":"page","link":"https:\/\/collective-b.at\/_de\/keimling-archive\/about-us-keimlinge\/","title":{"rendered":"\u00dcber uns Keimlinge"},"content":{"rendered":"<div class=\"wp-block-group alignfull is-style-default has-global-padding is-content-justification-center is-layout-constrained wp-block-group-is-layout-constrained\" style=\"padding-top:var(--wp--preset--spacing--60);padding-bottom:var(--wp--preset--spacing--60)\">\n<div class=\"wp-block-group alignwide is-layout-flow wp-block-group-is-layout-flow\">\n<h2 class=\"wp-block-heading has-text-align-center\" style=\"font-size:clamp(37.821px, 2.364rem + ((1vw - 3.2px) * 3.155), 70px);font-style:normal;font-weight:600;letter-spacing:-0.02em\">\u00dcber uns Keimlinge<\/h2>\n<\/div>\n<\/div>\n\n\n\n<figure class=\"wp-block-image alignfull size-full\" style=\"margin-top:0;margin-bottom:0\"><img loading=\"lazy\" decoding=\"async\" width=\"2000\" height=\"1414\" src=\"https:\/\/collective-b.at\/wp-content\/uploads\/team-photo-www-whote-BG.jpg\" alt=\"\" class=\"wp-image-863\" srcset=\"https:\/\/collective-b.at\/wp-content\/uploads\/team-photo-www-whote-BG.jpg 2000w, https:\/\/collective-b.at\/wp-content\/uploads\/team-photo-www-whote-BG-300x212.jpg 300w, https:\/\/collective-b.at\/wp-content\/uploads\/team-photo-www-whote-BG-1024x724.jpg 1024w, https:\/\/collective-b.at\/wp-content\/uploads\/team-photo-www-whote-BG-768x543.jpg 768w, https:\/\/collective-b.at\/wp-content\/uploads\/team-photo-www-whote-BG-1536x1086.jpg 1536w, https:\/\/collective-b.at\/wp-content\/uploads\/team-photo-www-whote-BG-18x12.jpg 18w\" sizes=\"auto, (max-width: 2000px) 100vw, 2000px\" \/><\/figure>\n\n\n\n<div class=\"wp-block-group alignfull has-global-padding is-layout-constrained wp-block-group-is-layout-constrained\" style=\"margin-top:0;margin-bottom:0;padding-top:var(--wp--preset--spacing--50);padding-bottom:var(--wp--preset--spacing--50)\">\n<div class=\"wp-block-columns alignfull is-layout-flex wp-container-core-columns-is-layout-28f84493 wp-block-columns-is-layout-flex\">\n<div class=\"wp-block-column is-layout-flow wp-block-column-is-layout-flow\" style=\"padding-right:var(--wp--preset--spacing--20);padding-left:var(--wp--preset--spacing--20)\">\n<p class=\"has-text-align-center\" style=\"line-height:0\"><strong>Sophia<\/strong><\/p>\n\n\n\n<p class=\"has-text-align-center\" style=\"line-height:0\">Rettl<br><br><\/p>\n\n\n\n<p class=\"has-text-align-center is-style-text-subtitle has-small-font-size is-style-text-subtitle--1\">(sie\/ihr)<\/p>\n\n\n\n<p class=\"has-text-align-center is-style-text-annotation is-style-text-annotation--2\">Als eine in Wien lebende K\u00fcnstlerin bin ich stets auf der Suche nach den kleinen Momenten der Sch\u00f6nheit. Seit meiner Kindheit organisiere ich kulturelle Veranstaltungen, die Kunst und Kollektivit\u00e4t feiern. In meinem Studium habe ich mich auf feministische Filmtheorie konzentriert und ein Manifest f\u00fcr eine queer-feministischere Bildsprache in den Medien ver\u00f6ffentlicht. Ich verbringe meine Tage mit (bildender) Kunst, kulturellen Veranstaltungen, Landwirtschaft sowie Gastronomie, Eventproduktion und Gemeinschaftsf\u00fcrsorge. Die Verflechtung von Kunst und Natur, sowie das Leben und die Kreation von Utopien, sind zentrale Themen meiner Arbeit.<\/p>\n<\/div>\n\n\n\n<div class=\"wp-block-column is-layout-flow wp-block-column-is-layout-flow\" style=\"padding-right:var(--wp--preset--spacing--20);padding-left:var(--wp--preset--spacing--20)\">\n<p class=\"has-text-align-center\" style=\"line-height:0\"><strong>Felipe<\/strong><\/p>\n\n\n\n<p class=\"has-text-align-center\" style=\"line-height:0\">Santos<br><br><br><\/p>\n\n\n\n<p class=\"has-text-align-center is-style-text-subtitle has-small-font-size is-style-text-subtitle--3\" style=\"border-radius:0px\">(dey\/dem)<\/p>\n\n\n\n<p class=\"has-text-align-center is-style-text-annotation is-style-text-annotation--4 translation-block\">Ich lebe jetzt in Wien, wo ich seit einiger Zeit als Psychotherapeutin unter Supervision arbeite. Ich bewege mich auch viel in verschiedenen Communities \u2013 als Performance-K\u00fcnstlerin, als Drag-Aficionado und als Mitgestalter*in von R\u00e4umen, in denen Menschen sich selbst sp\u00fcren und frei ausdr\u00fccken k\u00f6nnen. Ich bin zwischen Lateinamerika und Europa aufgewachsen, mit Wurzeln in El Salvador, Ecuador und Brasilien und wohne in \u00d6sterreich seit knapp 9 Jahren.\nIch mag es, R\u00e4ume zu halten und mitzugestalten \u2013 sei es als Awareness lead im Wiener Nachtleben, am \u00d6ffnen von Feuertanzr\u00e4umen entlang des Donaukanals oder an der Mitgestaltung von Veranstaltungen, wo gemeinschaftsbasierte-, dekoloniale-, queerfeministische- und naturzentrierte Kunst eine B\u00fchne bekommt.<\/p>\n<\/div>\n\n\n\n<div class=\"wp-block-column is-layout-flow wp-block-column-is-layout-flow\" style=\"padding-top:0;padding-right:var(--wp--preset--spacing--20);padding-bottom:0;padding-left:var(--wp--preset--spacing--20)\">\n<p class=\"has-text-align-center\" style=\"line-height:0\"><strong>Gregor<\/strong><\/p>\n\n\n\n<p class=\"has-text-align-center\" style=\"line-height:0\">B Piskernik<br><\/p>\n\n\n\n<p class=\"has-text-align-center is-style-text-subtitle has-small-font-size is-style-text-subtitle--5\">(all pronouns )<\/p>\n\n\n\n<p class=\"has-text-align-center is-style-text-annotation is-style-text-annotation--6 translation-block\">Momentan besch\u00e4ftige ich mich viel mit Clownerie, da ich seit Kurzem bei den Roten Nasen arbeite. Humor hat mich schon immer bewegt, besonders die Absurdit\u00e4t des Allt\u00e4glichen. In meiner politischen Arbeit stehe ich oft im Hintergrund. Ich koche gerne f\u00fcr die Revolution und n\u00e4hre sie mit ruhiger F\u00fcrsorge und herzhaftem Essen. In verschiedenen St\u00e4dten habe ich eine Ausbildung zum Psychotherapeuten absolviert und als zeitgen\u00f6ssischer T\u00e4nzer\/Choreograf gearbeitet.\nHeute Lebe ich als Clown mit Garten.\n\nIch habe mich im Laufe meines Lebens ver\u00e4ndert.\nHier habe ich all meine Biografien gesammelt. Falls du neugierig bist, kannst du gerne die Worte lesen, die ich gefunden habe, um diese Ver\u00e4nderungen zu beschreiben.<\/p>\n<\/div>\n\n\n\n<div class=\"wp-block-column is-layout-flow wp-block-column-is-layout-flow\" style=\"padding-right:var(--wp--preset--spacing--20);padding-left:var(--wp--preset--spacing--20)\">\n<p class=\"has-text-align-center\" style=\"line-height:0\"><strong>Sonia<\/strong><\/p>\n\n\n\n<p class=\"has-text-align-center\" style=\"line-height:0\">B Piskernik<br><br><\/p>\n\n\n\n<p class=\"has-text-align-center is-style-text-subtitle has-small-font-size is-style-text-subtitle--7\">(sie\/ihr)<\/p>\n\n\n\n<p class=\"has-text-align-center is-style-text-annotation is-style-text-annotation--8 translation-block\">Ich bin in Pozna\u0144 (PL) geboren und lebe derzeit zwischen Wien und Wasserhofen (\u00d6sterreich).\n\nIch w\u00fcrde mich als eine sanfte, aber leidenschaftliche Seele beschreiben, die fest an die Kraft von Kunst, Gemeinschaft und Kommunikation glaubt. Vor einem Hintergrund in zeitgen\u00f6ssischem Tanz und Tanzp\u00e4dagogik gehe ich mit einem tiefen Verst\u00e4ndnis f\u00fcr die symbiotische Beziehung zwischen K\u00f6rper, Selbst und dem gr\u00f6\u00dferen Kontext der Existenz an das Leben heran.\nF\u00fcr mich ist das Leben selbst eine Performance. Ein dynamisches Zusammenspiel von Energie, Bewegung und Emotionen, das sich mit jeder Interaktion, jedem Gef\u00fchl und jeder Beobachtung entfaltet.\nhttps:\/\/soniaborkowicz.persona.co\/<\/p>\n<\/div>\n<\/div>\n<\/div>","protected":false},"excerpt":{"rendered":"<p>ABOUT US Sophia Rettl (she\/they) Based in Vienna, I am an artist who is always looking for the brief glimpses of beauty. Since my childhood, I have been organizing cultural gatherings that celebrate art and collectivity. In my past studies, I focused on feminist film theory and published a manifesto for a more queer-feminist imagery [&hellip;]<\/p>\n","protected":false},"author":1,"featured_media":0,"parent":60,"menu_order":2,"comment_status":"closed","ping_status":"closed","template":"page-no-title","meta":{"footnotes":""},"class_list":["post-71","page","type-page","status-publish","hentry"],"_links":{"self":[{"href":"https:\/\/collective-b.at\/_de\/wp-json\/wp\/v2\/pages\/71","targetHints":{"allow":["GET"]}}],"collection":[{"href":"https:\/\/collective-b.at\/_de\/wp-json\/wp\/v2\/pages"}],"about":[{"href":"https:\/\/collective-b.at\/_de\/wp-json\/wp\/v2\/types\/page"}],"author":[{"embeddable":true,"href":"https:\/\/collective-b.at\/_de\/wp-json\/wp\/v2\/users\/1"}],"replies":[{"embeddable":true,"href":"https:\/\/collective-b.at\/_de\/wp-json\/wp\/v2\/comments?post=71"}],"version-history":[{"count":19,"href":"https:\/\/collective-b.at\/_de\/wp-json\/wp\/v2\/pages\/71\/revisions"}],"predecessor-version":[{"id":864,"href":"https:\/\/collective-b.at\/_de\/wp-json\/wp\/v2\/pages\/71\/revisions\/864"}],"up":[{"embeddable":true,"href":"https:\/\/collective-b.at\/_de\/wp-json\/wp\/v2\/pages\/60"}],"wp:attachment":[{"href":"https:\/\/collective-b.at\/_de\/wp-json\/wp\/v2\/media?parent=71"}],"curies":[{"name":"wp","href":"https:\/\/api.w.org\/{rel}","templated":true}]}}