{"id":721,"date":"2025-12-19T11:35:44","date_gmt":"2025-12-19T09:35:44","guid":{"rendered":"https:\/\/collective-b.at\/?page_id=721"},"modified":"2026-02-21T10:28:37","modified_gmt":"2026-02-21T08:28:37","slug":"project-archive","status":"publish","type":"page","link":"https:\/\/collective-b.at\/_de\/project-archive\/","title":{"rendered":"Project Library"},"content":{"rendered":"<div class=\"wp-block-group alignwide has-global-padding is-layout-constrained wp-container-core-group-is-layout-d006894d wp-block-group-is-layout-constrained\" style=\"margin-top:0;margin-bottom:0;padding-top:var(--wp--preset--spacing--40);padding-right:var(--wp--preset--spacing--40);padding-bottom:var(--wp--preset--spacing--40);padding-left:var(--wp--preset--spacing--40)\">\n<h2 class=\"wp-block-heading\">Our Library is Alive<\/h2>\n\n\n\n<div class=\"wp-block-columns alignwide is-layout-flex wp-container-core-columns-is-layout-e0e4babd wp-block-columns-is-layout-flex\" style=\"padding-right:0;padding-left:0\">\n<div class=\"wp-block-column is-layout-flow wp-block-column-is-layout-flow\" style=\"flex-basis:33.34%\">\n<h3 class=\"wp-block-heading\"><a href=\"\/_de\/keimling\/\">KEIMLING<\/a><\/h3>\n\n\n\n<p>A winding Road to and from Carinthia.<br>A community-context to collaborate and co-create.<br><br>2025 was carried by the question:<br><em><em><strong>Wie k\u00f6nnen wir durch kreative Prozesse aktiv am demokratischen Leben teilhaben?<\/strong><\/em><\/em><br><br>There is more on that to be explored <a href=\"http:\/\/collective-b.at\/_de\/keimling\/\">Hier.<\/a>.<br><\/p>\n<\/div>\n\n\n\n<div class=\"wp-block-column is-vertically-aligned-center is-layout-flow wp-block-column-is-layout-flow\" style=\"flex-basis:33.33%\">\n<figure class=\"wp-block-image size-large\"><img loading=\"lazy\" decoding=\"async\" width=\"1024\" height=\"692\" src=\"https:\/\/collective-b.at\/wp-content\/uploads\/CNV000036-1024x692.jpg\" alt=\"\" class=\"wp-image-723\" srcset=\"https:\/\/collective-b.at\/wp-content\/uploads\/CNV000036-1024x692.jpg 1024w, https:\/\/collective-b.at\/wp-content\/uploads\/CNV000036-300x203.jpg 300w, https:\/\/collective-b.at\/wp-content\/uploads\/CNV000036-768x519.jpg 768w, https:\/\/collective-b.at\/wp-content\/uploads\/CNV000036-1536x1038.jpg 1536w, https:\/\/collective-b.at\/wp-content\/uploads\/CNV000036-18x12.jpg 18w, https:\/\/collective-b.at\/wp-content\/uploads\/CNV000036.jpg 1818w\" sizes=\"auto, (max-width: 1024px) 100vw, 1024px\" \/><\/figure>\n<\/div>\n\n\n\n<div class=\"wp-block-column is-layout-flow wp-block-column-is-layout-flow\" style=\"flex-basis:33.34%\">\n<h3 class=\"wp-block-heading\"><a href=\"https:\/\/collective-b.at\/_de\/querkauf\/\" data-type=\"page\" data-id=\"285\">QUERKAUF INSTITUT<\/a><\/h3>\n\n\n\n<p>EIne Serie von Workshops in Wien um dem unkontrollierten Supermarkt Konsum zu entkommen.<br><br>M\u00f6chtesd du herausfinden wieso du dein Geld st\u00e4ndig f\u00fcr Dinge ausgibst die du nicht wirklich haben m\u00f6chtest oder brauchst?<br><br>Lets find out together, <a href=\"http:\/\/collective-b.at\/_de\/querkauf\/\">Hier.<\/a>.<\/p>\n<\/div>\n<\/div>\n\n\n\n<h3 class=\"wp-block-heading translation-block\">M\u00f6chtest du wissen was bei uns so geschieht? <br>\nSpring jetzt auf unsere <a href=\"https:\/\/forms.gle\/vKA7efv8u34QEXCH9\" target=\"_self\">Mailingliste<\/a> auf!<\/h3>\n<\/div>\n\n\n\n<p><\/p>","protected":false},"excerpt":{"rendered":"<p>Our Library is Alive KEIMLING A winding Road to and from Carinthia.A community-context to collaborate and co-create. 2025 was carried by the question:How to use creative processes to actively shape and partake in democratic life? There is more on that to be explored here. QUERKAUF INSTITUT A series of workshops in Vienna offering experiments to [&hellip;]<\/p>\n","protected":false},"author":1,"featured_media":0,"parent":0,"menu_order":0,"comment_status":"closed","ping_status":"closed","template":"no-title-no-footer","meta":{"footnotes":""},"class_list":["post-721","page","type-page","status-publish","hentry"],"_links":{"self":[{"href":"https:\/\/collective-b.at\/_de\/wp-json\/wp\/v2\/pages\/721","targetHints":{"allow":["GET"]}}],"collection":[{"href":"https:\/\/collective-b.at\/_de\/wp-json\/wp\/v2\/pages"}],"about":[{"href":"https:\/\/collective-b.at\/_de\/wp-json\/wp\/v2\/types\/page"}],"author":[{"embeddable":true,"href":"https:\/\/collective-b.at\/_de\/wp-json\/wp\/v2\/users\/1"}],"replies":[{"embeddable":true,"href":"https:\/\/collective-b.at\/_de\/wp-json\/wp\/v2\/comments?post=721"}],"version-history":[{"count":5,"href":"https:\/\/collective-b.at\/_de\/wp-json\/wp\/v2\/pages\/721\/revisions"}],"predecessor-version":[{"id":791,"href":"https:\/\/collective-b.at\/_de\/wp-json\/wp\/v2\/pages\/721\/revisions\/791"}],"wp:attachment":[{"href":"https:\/\/collective-b.at\/_de\/wp-json\/wp\/v2\/media?parent=721"}],"curies":[{"name":"wp","href":"https:\/\/api.w.org\/{rel}","templated":true}]}}